{"id":327,"date":"2025-02-20T11:04:02","date_gmt":"2025-02-20T10:04:02","guid":{"rendered":"https:\/\/www.farmaciadelpasseig.com\/?page_id=327"},"modified":"2025-02-20T11:05:42","modified_gmt":"2025-02-20T10:05:42","slug":"avis-legal","status":"publish","type":"page","link":"https:\/\/www.farmaciadelpasseig.com\/?page_id=327","title":{"rendered":"Av\u00eds Legal"},"content":{"rendered":"\t\t<div data-elementor-type=\"wp-page\" data-elementor-id=\"327\" class=\"elementor elementor-327\">\n\t\t\t\t<div class=\"elementor-element elementor-element-0b9a701 e-flex e-con-boxed e-con e-parent\" data-id=\"0b9a701\" data-element_type=\"container\">\n\t\t\t\t\t<div class=\"e-con-inner\">\n\t\t\t\t<div class=\"elementor-element elementor-element-df1b7cb elementor-widget elementor-widget-text-editor\" data-id=\"df1b7cb\" data-element_type=\"widget\" data-widget_type=\"text-editor.default\">\n\t\t\t\t<div class=\"elementor-widget-container\">\n\t\t\t\t\t\t\t\t\t<p>CAT<\/p><p><strong><u>AV\u00cdS LEGAL<\/u><\/strong><\/p><p><strong>Informaci\u00f3 de Conformitat amb l&#8217;article 10 de la LSSI<\/strong><\/p><p><strong>\u00a0<\/strong><\/p><p><strong>La titular d&#8217;aquesta web \u00e9s:<\/strong><\/p><p>Identitat: MIREIA CORBALAN PRAT (FARM\u00c0CIA DEL PASSEIG)<\/p><p>NIF: 40339374L<\/p><p>Adre\u00e7a: Passeig de Catalunya, 21\u00a0 17257\u00a0 TORROELLA DE MONTGRI<\/p><p>Tel.: 972760149<\/p><p>Email: info@farmaciadelpasseig.com<\/p><p>Col\u00b7legiada del Col\u00b7legi de Farmac\u00e8utics de Girona n\u00fam.: 1353<\/p><p><strong>Condicions d&#8217;\u00fas<\/strong><\/p><p>\u00a0L&#8217;\u00fas d&#8217;aquest web implica l&#8217;acceptaci\u00f3 plena dels termes i condicions del present av\u00eds legal. Els possibles conflictes relatius a aquest web es regiran exclusivament pel dret de l&#8217;Estat espanyol. Tota persona usu\u00e0ria del web, independentment de la jurisdicci\u00f3 territorial des de la qual es produeixi el seu acc\u00e9s, accepta el compliment i respecte d&#8217;aquestes cl\u00e0usules amb ren\u00fancia expressa a qualsevol altre fur que li pogu\u00e9s correspondre.<\/p><p><strong>Propietat intel\u00b7lectual i industrial<\/strong><\/p><p>La totalitat del contingut d&#8217;aquest lloc web, ja siguin textos, imatges, sons, marques, logotips o altres elements, aix\u00ed com subestructura, disseny, combinacions de colors o forma de presentaci\u00f3 dels materials, estan protegits per drets de propietat industrial i intel\u00b7lectual que l&#8217;usuari d&#8217;aquest lloc web ha de respectar. No \u00e9s l\u00edcita la seva transformaci\u00f3 o alteraci\u00f3, comunicaci\u00f3 p\u00fablica o qualsevol altra forma d&#8217;explotaci\u00f3 per qualsevol procediment sense l&#8217;autoritzaci\u00f3 expressa de MIREIA CORBALAN PRAT.<\/p><p><strong>Responsabilitat sobre els continguts<\/strong><\/p><p>Encara que MIREIA CORBALAN PRAT actua amb la m\u00e0xima dilig\u00e8ncia possible, es pot donar el cas que alguna dada o informaci\u00f3 no estigui del tot actualitzada en el moment que l&#8217;usuari del lloc web el consulti. Per aix\u00f2, les informacions que es presenten en aquesta web tenen una funci\u00f3 orientativa i no obliguen a MIREIA CORBALAN PRAT.<\/p><p>MIREIA CORBALAN PRAT no ser\u00e0 responsable de la informaci\u00f3 que es pugui obtenir a trav\u00e9s d&#8217;enlla\u00e7os inclosos en la seva web.<\/p><p>MIREIA CORBALAN PRAT es reserva la facultat de realitzar, en qualsevol moment i sense necessitat de preav\u00eds, modificacions o actualitzacions de la informaci\u00f3 i de qualsevol dels elements que integrin el disseny i configuraci\u00f3 de la p\u00e0gina web.<\/p><p><strong>Llei aplicable i jurisdicci\u00f3:<\/strong><\/p><p>L&#8217;\u00fas d&#8217;aquest lloc web implica l&#8217;acceptaci\u00f3 plena dels termes i condicions en el present av\u00eds legal. Els possibles conflictes relatius a aquest web es regiran exclusivament per la legislaci\u00f3 espanyola, sent competents els Jutjats i Tribunals espanyols per a con\u00e8ixer qualsevol q\u00fcesti\u00f3 que es susciti sobre ella. L&#8217;usuari, en virtut de la seva acceptaci\u00f3 ren\u00fancia expressament a qualsevol fur que per aplicaci\u00f3 de la Llei d&#8217;Enjudiciament Civil vigent li\u00a0 pogu\u00e9s correspondre.<\/p><p>ESP<\/p><p><strong><u>AVISO LEGAL<\/u><\/strong><\/p><p><strong>Informaci\u00f3n de conformidad con el art\u00edculo 10 de la LSSI<\/strong><\/p><p><strong>\u00a0<\/strong><\/p><p><strong>La titular de esta web es:<\/strong><\/p><p>Identidad: MIREIA CORBALAN PRAT (FARM\u00c0CIA DEL PASSEIG)<\/p><p>NIF: 40339374L<\/p><p>Direcci\u00f3n: Passeig de Catalunya, 21\u00a0 17257\u00a0 TORROELLA DE MONTGRI<\/p><p>Tel.: 972760149<\/p><p>Email: info@farmaciadelpasseig.com<\/p><p>Colegiada del Col\u00b7legi de Farmac\u00e8utics de Girona n\u00ba: 1353<\/p><p><strong>\u00a0<\/strong><\/p><p><strong>Condiciones de uso<\/strong><\/p><p>\u00a0El uso de esta web implica la aceptaci\u00f3n plena de los t\u00e9rminos y condiciones del presente aviso legal.\u00a0Los posibles conflictos relativos a esta web se regir\u00e1n exclusivamente por el derecho del Estado espa\u00f1ol.\u00a0Toda persona usuaria de la web, independientemente de la jurisdicci\u00f3n territorial desde la que se produzca su acceso, acepta el cumplimiento y respeto de estas cl\u00e1usulas con renuncia expresa a cualquier otro fuero que pudiera corresponderle.<\/p><p><strong>Propiedad intelectual e industrial<\/strong><\/p><p>La totalidad del contenido de este sitio web, ya sean textos, im\u00e1genes, sonidos, marcas, logotipos u otros elementos, as\u00ed como subestructura, dise\u00f1o, combinaciones de colores o forma de presentaci\u00f3n de los materiales, est\u00e1n protegidos por derechos de propiedad industrial e intelectual que el usuario de este sitio web debe respetar.\u00a0No es l\u00edcita su transformaci\u00f3n o alteraci\u00f3n, comunicaci\u00f3n p\u00fablica o cualquier otra forma de explotaci\u00f3n por cualquier procedimiento sin la autorizaci\u00f3n expresa de MIREIA CORBALAN PRAT.<\/p><p><strong>Responsabilidad sobre los contenidos<\/strong><\/p><p>Aunque MIREIA CORBALAN PRAT act\u00faa con la m\u00e1xima diligencia posible, puede darse el caso de que alg\u00fan dato o informaci\u00f3n no est\u00e9 del todo actualizada en el momento que el usuario del sitio web lo consulte. Por ello, las informaciones que se presentan en esta web tienen una funci\u00f3n orientativa y no obligan a MIREIA CORBALAN PRAT.<\/p><p>MIREIA CORBALAN PRAT no ser\u00e1 responsable de la informaci\u00f3n que se pueda obtener a trav\u00e9s de enlaces incluidos en su web.<\/p><p>MIREIA CORBALAN PRAT se reserva la facultad de realizar, en cualquier momento y sin necesidad de preaviso, modificaciones o actualizaciones de la informaci\u00f3n y de cualquiera de los elementos que integren el dise\u00f1o y configuraci\u00f3n de la p\u00e1gina web.<\/p><p><strong>Ley aplicable y jurisdicci\u00f3n:<\/strong><\/p><p>\u00a0El uso de este sitio web implica la aceptaci\u00f3n plena de los t\u00e9rminos y condiciones de la presente pol\u00edtica legal. Los posibles conflictos relativos a esta web se regir\u00e1n exclusivamente por la legislaci\u00f3n espa\u00f1ola, siendo competentes los Juzgados y Tribunales espa\u00f1oles para conocer de cuantas cuestiones se susciten sobre ella. El usuario, por virtud de su aceptaci\u00f3n renuncia expresamente a cualquier fuero que por aplicaci\u00f3n de la Ley de Enjuiciamiento Civil vigente pudiera corresponderle.<\/p><p><u>\u00a0<\/u><\/p>\t\t\t\t\t\t\t\t<\/div>\n\t\t\t\t<\/div>\n\t\t\t\t\t<\/div>\n\t\t\t\t<\/div>\n\t\t\t\t<\/div>\n\t\t","protected":false},"excerpt":{"rendered":"<p>CAT AV\u00cdS LEGAL Informaci\u00f3 de Conformitat amb l&#8217;article 10 de la LSSI \u00a0 La titular d&#8217;aquesta web \u00e9s: Identitat: MIREIA [&hellip;]<\/p>\n","protected":false},"author":1,"featured_media":0,"parent":0,"menu_order":0,"comment_status":"closed","ping_status":"closed","template":"","meta":{"site-sidebar-layout":"no-sidebar","site-content-layout":"","ast-site-content-layout":"full-width-container","site-content-style":"default","site-sidebar-style":"default","ast-global-header-display":"","ast-banner-title-visibility":"","ast-main-header-display":"","ast-hfb-above-header-display":"","ast-hfb-below-header-display":"","ast-hfb-mobile-header-display":"","site-post-title":"disabled","ast-breadcrumbs-content":"","ast-featured-img":"disabled","footer-sml-layout":"","theme-transparent-header-meta":"","adv-header-id-meta":"","stick-header-meta":"","header-above-stick-meta":"","header-main-stick-meta":"","header-below-stick-meta":"","astra-migrate-meta-layouts":"default","ast-page-background-enabled":"default","ast-page-background-meta":{"desktop":{"background-color":"var(--ast-global-color-4)","background-image":"","background-repeat":"repeat","background-position":"center center","background-size":"auto","background-attachment":"scroll","background-type":"","background-media":"","overlay-type":"","overlay-color":"","overlay-opacity":"","overlay-gradient":""},"tablet":{"background-color":"","background-image":"","background-repeat":"repeat","background-position":"center center","background-size":"auto","background-attachment":"scroll","background-type":"","background-media":"","overlay-type":"","overlay-color":"","overlay-opacity":"","overlay-gradient":""},"mobile":{"background-color":"","background-image":"","background-repeat":"repeat","background-position":"center center","background-size":"auto","background-attachment":"scroll","background-type":"","background-media":"","overlay-type":"","overlay-color":"","overlay-opacity":"","overlay-gradient":""}},"ast-content-background-meta":{"desktop":{"background-color":"var(--ast-global-color-5)","background-image":"","background-repeat":"repeat","background-position":"center center","background-size":"auto","background-attachment":"scroll","background-type":"","background-media":"","overlay-type":"","overlay-color":"","overlay-opacity":"","overlay-gradient":""},"tablet":{"background-color":"var(--ast-global-color-5)","background-image":"","background-repeat":"repeat","background-position":"center center","background-size":"auto","background-attachment":"scroll","background-type":"","background-media":"","overlay-type":"","overlay-color":"","overlay-opacity":"","overlay-gradient":""},"mobile":{"background-color":"var(--ast-global-color-5)","background-image":"","background-repeat":"repeat","background-position":"center center","background-size":"auto","background-attachment":"scroll","background-type":"","background-media":"","overlay-type":"","overlay-color":"","overlay-opacity":"","overlay-gradient":""}},"_joinchat":[],"footnotes":""},"class_list":["post-327","page","type-page","status-publish","hentry"],"_links":{"self":[{"href":"https:\/\/www.farmaciadelpasseig.com\/index.php?rest_route=\/wp\/v2\/pages\/327","targetHints":{"allow":["GET"]}}],"collection":[{"href":"https:\/\/www.farmaciadelpasseig.com\/index.php?rest_route=\/wp\/v2\/pages"}],"about":[{"href":"https:\/\/www.farmaciadelpasseig.com\/index.php?rest_route=\/wp\/v2\/types\/page"}],"author":[{"embeddable":true,"href":"https:\/\/www.farmaciadelpasseig.com\/index.php?rest_route=\/wp\/v2\/users\/1"}],"replies":[{"embeddable":true,"href":"https:\/\/www.farmaciadelpasseig.com\/index.php?rest_route=%2Fwp%2Fv2%2Fcomments&post=327"}],"version-history":[{"count":4,"href":"https:\/\/www.farmaciadelpasseig.com\/index.php?rest_route=\/wp\/v2\/pages\/327\/revisions"}],"predecessor-version":[{"id":331,"href":"https:\/\/www.farmaciadelpasseig.com\/index.php?rest_route=\/wp\/v2\/pages\/327\/revisions\/331"}],"wp:attachment":[{"href":"https:\/\/www.farmaciadelpasseig.com\/index.php?rest_route=%2Fwp%2Fv2%2Fmedia&parent=327"}],"curies":[{"name":"wp","href":"https:\/\/api.w.org\/{rel}","templated":true}]}}